{"id":64,"date":"2024-07-22T09:59:36","date_gmt":"2024-07-22T07:59:36","guid":{"rendered":"https:\/\/www.djurcom.ch\/cms\/?page_id=64"},"modified":"2024-07-22T13:33:15","modified_gmt":"2024-07-22T11:33:15","slug":"vorteile","status":"publish","type":"page","link":"https:\/\/www.djurcom.ch\/cms\/vorteile\/","title":{"rendered":"Vorteile"},"content":{"rendered":"\t\t<div data-elementor-type=\"wp-page\" data-elementor-id=\"64\" class=\"elementor elementor-64\">\n\t\t\t\t<div class=\"elementor-element elementor-element-0f5ded1 e-flex e-con-boxed e-con e-parent\" data-id=\"0f5ded1\" data-element_type=\"container\">\n\t\t\t\t\t<div class=\"e-con-inner\">\n\t\t\t\t<div class=\"elementor-element elementor-element-24f23b2 elementor-widget elementor-widget-image\" data-id=\"24f23b2\" data-element_type=\"widget\" data-widget_type=\"image.default\">\n\t\t\t\t<div class=\"elementor-widget-container\">\n\t\t\t\t\t\t\t\t\t\t\t\t\t\t\t<img fetchpriority=\"high\" decoding=\"async\" width=\"1024\" height=\"492\" src=\"https:\/\/www.djurcom.ch\/cms\/wp-content\/uploads\/2024\/07\/12272708-IMG_6104_002-8f14e.w1900-1024x492.jpg\" class=\"attachment-large size-large wp-image-66\" alt=\"\" srcset=\"https:\/\/www.djurcom.ch\/cms\/wp-content\/uploads\/2024\/07\/12272708-IMG_6104_002-8f14e.w1900-1024x492.jpg 1024w, https:\/\/www.djurcom.ch\/cms\/wp-content\/uploads\/2024\/07\/12272708-IMG_6104_002-8f14e.w1900-300x144.jpg 300w, https:\/\/www.djurcom.ch\/cms\/wp-content\/uploads\/2024\/07\/12272708-IMG_6104_002-8f14e.w1900-768x369.jpg 768w, https:\/\/www.djurcom.ch\/cms\/wp-content\/uploads\/2024\/07\/12272708-IMG_6104_002-8f14e.w1900-1536x738.jpg 1536w, https:\/\/www.djurcom.ch\/cms\/wp-content\/uploads\/2024\/07\/12272708-IMG_6104_002-8f14e.w1900.jpg 1900w\" sizes=\"(max-width: 1024px) 100vw, 1024px\" \/>\t\t\t\t\t\t\t\t\t\t\t\t\t\t\t<\/div>\n\t\t\t\t<\/div>\n\t\t\t\t<div class=\"elementor-element elementor-element-2fa1c0b elementor-hidden-mobile elementor-widget elementor-widget-spacer\" data-id=\"2fa1c0b\" data-element_type=\"widget\" data-widget_type=\"spacer.default\">\n\t\t\t\t<div class=\"elementor-widget-container\">\n\t\t\t\t\t\t\t<div class=\"elementor-spacer\">\n\t\t\t<div class=\"elementor-spacer-inner\"><\/div>\n\t\t<\/div>\n\t\t\t\t\t\t<\/div>\n\t\t\t\t<\/div>\n\t\t\t\t<div class=\"elementor-element elementor-element-33f173d elementor-widget elementor-widget-heading\" data-id=\"33f173d\" data-element_type=\"widget\" data-widget_type=\"heading.default\">\n\t\t\t\t<div class=\"elementor-widget-container\">\n\t\t\t\t\t<h2 class=\"elementor-heading-title elementor-size-default\">Transparent und pers\u00f6nlich<\/h2>\t\t\t\t<\/div>\n\t\t\t\t<\/div>\n\t\t\t\t<div class=\"elementor-element elementor-element-42b8c39 elementor-widget elementor-widget-text-editor\" data-id=\"42b8c39\" data-element_type=\"widget\" data-widget_type=\"text-editor.default\">\n\t\t\t\t<div class=\"elementor-widget-container\">\n\t\t\t\t\t\t\t\t\t<p>Wir sind pers\u00f6nlich f\u00fcr Sie da: F\u00fcr Fragen, f\u00fcr einen Kontrollblick auf Ihr Tier, bei Unsicherheiten oder ganz allgemeinen Fragen.<br \/>\u200b\u200b\u200b\u200b\u200b\u200b\u200bGanz im Sinn der Gr\u00fcnderin Priska Mathys, Tierhom\u00f6opathin: &#8220;Die Natur schreibt die besten Rezepte f\u00fcr ein langes, vitales Tierleben&#8221;.<\/p>\t\t\t\t\t\t\t\t<\/div>\n\t\t\t\t<\/div>\n\t\t\t\t<div class=\"elementor-element elementor-element-7310cdb elementor-widget elementor-widget-heading\" data-id=\"7310cdb\" data-element_type=\"widget\" data-widget_type=\"heading.default\">\n\t\t\t\t<div class=\"elementor-widget-container\">\n\t\t\t\t\t<h2 class=\"elementor-heading-title elementor-size-default\">Die Vorteile von Primafu gegen\u00fcber herk\u00f6mmlichem Tierfutter<\/h2>\t\t\t\t<\/div>\n\t\t\t\t<\/div>\n\t\t<div class=\"elementor-element elementor-element-7415870 e-con-full e-flex e-con e-child\" data-id=\"7415870\" data-element_type=\"container\">\n\t\t<div class=\"elementor-element elementor-element-b765b57 e-con-full e-flex e-con e-child\" data-id=\"b765b57\" data-element_type=\"container\">\n\t\t\t\t<div class=\"elementor-element elementor-element-2bfb6e3 elementor-widget elementor-widget-heading\" data-id=\"2bfb6e3\" data-element_type=\"widget\" data-widget_type=\"heading.default\">\n\t\t\t\t<div class=\"elementor-widget-container\">\n\t\t\t\t\t<h2 class=\"elementor-heading-title elementor-size-default\">Primafu<\/h2>\t\t\t\t<\/div>\n\t\t\t\t<\/div>\n\t\t\t\t<div class=\"elementor-element elementor-element-544343c elementor-widget elementor-widget-text-editor\" data-id=\"544343c\" data-element_type=\"widget\" data-widget_type=\"text-editor.default\">\n\t\t\t\t<div class=\"elementor-widget-container\">\n\t\t\t\t\t\t\t\t\t<p>besteht aus 100% naturbelassenen Rohstoffen: 60% frischem, rohem Muskelfleisch und 40% roher Innereienmischung, erg\u00e4nzt mit artgerechten Beilagen, wertvollem Bio-Lein\u00f6 und unraffiniertem Salz (Fleur des Alpes). Alles in Lebensmittelqualit\u00e4t.<\/p><p>Es ist frei von tierischen Nebenerzeugnissen, F\u00fcll- Farb- und Konservierungsstoffen, Zucker und Industriesalz.<\/p><p>Die frische, komplette Futterration, mit Rohstoffen von Bauern in der Region, in Handarbeit produziert.<\/p><p>Laufend im Labor \u00fcberpr\u00fcft<\/p>\t\t\t\t\t\t\t\t<\/div>\n\t\t\t\t<\/div>\n\t\t\t\t<\/div>\n\t\t<div class=\"elementor-element elementor-element-2f97af4 e-con-full e-flex e-con e-child\" data-id=\"2f97af4\" data-element_type=\"container\">\n\t\t\t\t<div class=\"elementor-element elementor-element-55660d1 elementor-widget elementor-widget-image\" data-id=\"55660d1\" data-element_type=\"widget\" data-widget_type=\"image.default\">\n\t\t\t\t<div class=\"elementor-widget-container\">\n\t\t\t\t\t\t\t\t\t\t\t\t\t\t\t<img decoding=\"async\" width=\"600\" height=\"572\" src=\"https:\/\/www.djurcom.ch\/cms\/wp-content\/uploads\/2024\/07\/12272699-Frisch_vs_Industrie_klein-aab32.jpg\" class=\"attachment-large size-large wp-image-67\" alt=\"\" srcset=\"https:\/\/www.djurcom.ch\/cms\/wp-content\/uploads\/2024\/07\/12272699-Frisch_vs_Industrie_klein-aab32.jpg 600w, https:\/\/www.djurcom.ch\/cms\/wp-content\/uploads\/2024\/07\/12272699-Frisch_vs_Industrie_klein-aab32-300x286.jpg 300w\" sizes=\"(max-width: 600px) 100vw, 600px\" \/>\t\t\t\t\t\t\t\t\t\t\t\t\t\t\t<\/div>\n\t\t\t\t<\/div>\n\t\t\t\t<\/div>\n\t\t<div class=\"elementor-element elementor-element-d804a01 e-con-full e-flex e-con e-child\" data-id=\"d804a01\" data-element_type=\"container\">\n\t\t\t\t<div class=\"elementor-element elementor-element-da9eaa5 elementor-widget elementor-widget-heading\" data-id=\"da9eaa5\" data-element_type=\"widget\" data-widget_type=\"heading.default\">\n\t\t\t\t<div class=\"elementor-widget-container\">\n\t\t\t\t\t<h2 class=\"elementor-heading-title elementor-size-default\">Herk\u00f6mmliches Tierfutter<\/h2>\t\t\t\t<\/div>\n\t\t\t\t<\/div>\n\t\t\t\t<div class=\"elementor-element elementor-element-0b3b183 elementor-widget elementor-widget-text-editor\" data-id=\"0b3b183\" data-element_type=\"widget\" data-widget_type=\"text-editor.default\">\n\t\t\t\t<div class=\"elementor-widget-container\">\n\t\t\t\t\t\t\t\t\t<p>Besteht in der Regel aus Schlachtabf\u00e4llen, tierischen Nebenerzeugnissen, enth\u00e4lt meist grosse Mengen Getreide und F\u00fcllstoffe. Die Deklaration der Zusammensetzungs gibt wenig Auskunft \u00fcber die Bestandteile.<\/p><p>Durch das Erhitzen \u00fcber min. 60\u00b0C sind die Inhaltstoffe nicht mehr in der Form enthalten, wie der Hund \/ die Katze N\u00e4hrstoffe ideal aufnehmen kann &#8211; selbst wenn diese vorher enthalten w\u00e4ren.<\/p><p>Zudem sind in der Regel hohe (raffinierte) Salzanteile und Zuckerarten vertreten; dies verursacht eine \u00fcberm\u00e4ssige &#8220;Lust auf mehr&#8221;.<\/p>\t\t\t\t\t\t\t\t<\/div>\n\t\t\t\t<\/div>\n\t\t\t\t<\/div>\n\t\t\t\t<\/div>\n\t\t\t\t<div class=\"elementor-element elementor-element-a275352 elementor-widget elementor-widget-heading\" data-id=\"a275352\" data-element_type=\"widget\" data-widget_type=\"heading.default\">\n\t\t\t\t<div class=\"elementor-widget-container\">\n\t\t\t\t\t<h2 class=\"elementor-heading-title elementor-size-default\">Ihre Sicherheit\n<br>\n15 Jahre Erfahrung\n<br>\n<br>\nDas sind die Vorteile\n<br>\nf\u00fcr Sie:<\/h2>\t\t\t\t<\/div>\n\t\t\t\t<\/div>\n\t\t<div class=\"elementor-element elementor-element-3f5f185 e-con-full e-flex e-con e-child\" data-id=\"3f5f185\" data-element_type=\"container\">\n\t\t<div class=\"elementor-element elementor-element-9bd009f e-con-full e-flex e-con e-child\" data-id=\"9bd009f\" data-element_type=\"container\">\n\t\t\t\t<div class=\"elementor-element elementor-element-9d4c350 elementor-widget elementor-widget-text-editor\" data-id=\"9d4c350\" data-element_type=\"widget\" data-widget_type=\"text-editor.default\">\n\t\t\t\t<div class=\"elementor-widget-container\">\n\t\t\t\t\t\t\t\t\t<div class=\"freetextarea\"><ul><li>Jede Ration deckt zusammen mit den Knochen den gesamten N\u00e4hrstoffbedarf ab<\/li><li>100% naturbelassene Rohstoffe<\/li><li>60% bankw\u00fcrdiges, rohes Muskelfleisch&#8230;.<\/li><li>&#8230;. im perfekten Verh\u00e4ltnis mit 40% rohen, bankw\u00fcrdigen Innereien<\/li><li>Hochwertige Inhaltsstoffe in 100% Lebensmittelqualit\u00e4t<\/li><li>Mit Demetergetreide (DOG) und Bio\/KAG-Gefl\u00fcgel<\/li><li>100% CH-Fleisch und CH-Gem\u00fcse von ausgew\u00e4hlten Bauern\u00a0<\/li><li>\u00d6kologisch und tierfreundlich\u00a0<\/li><li>kurze Transportwege<\/li><li>Produziert in Metzgereien der Region<\/li><li>Maximale Frische &#8211; unverz\u00fcglich Weiterverarbeitung der Rohstoffe<\/li><li>Unter regelm\u00e4ssiger Kontrolle im Labor<\/li><li>Transparent &#8212; genau wie die Verpackung<\/li><\/ul><\/div>\t\t\t\t\t\t\t\t<\/div>\n\t\t\t\t<\/div>\n\t\t\t\t<\/div>\n\t\t<div class=\"elementor-element elementor-element-a7e8bb8 e-con-full e-flex e-con e-child\" data-id=\"a7e8bb8\" data-element_type=\"container\">\n\t\t\t\t<div class=\"elementor-element elementor-element-0e3220b elementor-widget elementor-widget-text-editor\" data-id=\"0e3220b\" data-element_type=\"widget\" data-widget_type=\"text-editor.default\">\n\t\t\t\t<div class=\"elementor-widget-container\">\n\t\t\t\t\t\t\t\t\t<div class=\"freetextarea\"><ul><li>Frei von tierischen Nebenerzeugnissen<\/li><li>Frei von industriell ver\u00e4nderten Rohstoffen<\/li><li>Frei von F\u00fcll-, Farb- und Konservierungsstoffen<\/li><li>Frei von chemischen Zus\u00e4tzen, Zucker und Industriesalz<\/li><li>Pers\u00f6nlich &#8212; in der Beratung mit Ihnen sowie mit unseren Produzenten<\/li><li>Unterst\u00fctzt von Tier\u00e4rzten und Tierhom\u00f6opathen<\/li><li>Das Bundesamt f\u00fcr Lebensmittelsicherheit und Veterin\u00e4rwesen (BLV) stand der Entwicklung beratend zur Seite<\/li><li>Von Hand hergestellt &#8211; wie hausgemacht<\/li><li>Jedes Produkt ein Einzelst\u00fcck<\/li><li>Urspr\u00fcnglich ein Nischenprodukt um gesundheitlich angeschlagenen Tieren die besten Resourcen zu bieten ist PRIMAFU heute l\u00e4ngst das Futter um auch gesunden Tieren die perfekte Lebensgrundlage zu bieten<\/li><\/ul><\/div>\t\t\t\t\t\t\t\t<\/div>\n\t\t\t\t<\/div>\n\t\t\t\t<\/div>\n\t\t\t\t<\/div>\n\t\t\t\t<div class=\"elementor-element elementor-element-bd45787 elementor-widget elementor-widget-spacer\" data-id=\"bd45787\" data-element_type=\"widget\" data-widget_type=\"spacer.default\">\n\t\t\t\t<div class=\"elementor-widget-container\">\n\t\t\t\t\t\t\t<div class=\"elementor-spacer\">\n\t\t\t<div class=\"elementor-spacer-inner\"><\/div>\n\t\t<\/div>\n\t\t\t\t\t\t<\/div>\n\t\t\t\t<\/div>\n\t\t\t\t\t<\/div>\n\t\t\t\t<\/div>\n\t\t\t\t<\/div>\n\t\t","protected":false},"excerpt":{"rendered":"<p>Transparent und pers\u00f6nlich Wir sind pers\u00f6nlich f\u00fcr Sie da: F\u00fcr Fragen, f\u00fcr einen Kontrollblick auf Ihr Tier, bei Unsicherheiten oder ganz allgemeinen Fragen.\u200b\u200b\u200b\u200b\u200b\u200b\u200bGanz im Sinn der Gr\u00fcnderin Priska Mathys, Tierhom\u00f6opathin: &#8220;Die Natur schreibt die besten Rezepte f\u00fcr ein langes, vitales Tierleben&#8221;. Die Vorteile von Primafu gegen\u00fcber herk\u00f6mmlichem Tierfutter Primafu besteht aus 100% naturbelassenen Rohstoffen: 60%&hellip;&nbsp;<a href=\"https:\/\/www.djurcom.ch\/cms\/vorteile\/\" rel=\"bookmark\"><span class=\"screen-reader-text\">Vorteile<\/span><\/a><\/p>\n","protected":false},"author":1,"featured_media":0,"parent":0,"menu_order":0,"comment_status":"closed","ping_status":"closed","template":"page-templates\/template-pagebuilder-full-width.php","meta":{"neve_meta_sidebar":"","neve_meta_container":"","neve_meta_enable_content_width":"","neve_meta_content_width":0,"neve_meta_title_alignment":"","neve_meta_author_avatar":"","neve_post_elements_order":"","neve_meta_disable_header":"","neve_meta_disable_footer":"","neve_meta_disable_title":"","footnotes":""},"class_list":["post-64","page","type-page","status-publish","hentry"],"_links":{"self":[{"href":"https:\/\/www.djurcom.ch\/cms\/wp-json\/wp\/v2\/pages\/64","targetHints":{"allow":["GET"]}}],"collection":[{"href":"https:\/\/www.djurcom.ch\/cms\/wp-json\/wp\/v2\/pages"}],"about":[{"href":"https:\/\/www.djurcom.ch\/cms\/wp-json\/wp\/v2\/types\/page"}],"author":[{"embeddable":true,"href":"https:\/\/www.djurcom.ch\/cms\/wp-json\/wp\/v2\/users\/1"}],"replies":[{"embeddable":true,"href":"https:\/\/www.djurcom.ch\/cms\/wp-json\/wp\/v2\/comments?post=64"}],"version-history":[{"count":10,"href":"https:\/\/www.djurcom.ch\/cms\/wp-json\/wp\/v2\/pages\/64\/revisions"}],"predecessor-version":[{"id":156,"href":"https:\/\/www.djurcom.ch\/cms\/wp-json\/wp\/v2\/pages\/64\/revisions\/156"}],"wp:attachment":[{"href":"https:\/\/www.djurcom.ch\/cms\/wp-json\/wp\/v2\/media?parent=64"}],"curies":[{"name":"wp","href":"https:\/\/api.w.org\/{rel}","templated":true}]}}